{"id":92,"date":"2014-05-31T13:06:21","date_gmt":"2014-05-31T13:06:21","guid":{"rendered":"http:\/\/demo.themegrill.com\/accelerate\/?page_id=92"},"modified":"2021-04-16T10:00:31","modified_gmt":"2021-04-16T13:00:31","slug":"hidraulica","status":"publish","type":"page","link":"https:\/\/armazem-pr.com.br\/index.php\/hidraulica\/","title":{"rendered":"Hidr\u00e1ulica"},"content":{"rendered":"<p class=\"paragraph ng-attr-widget\">O sistema hidr\u00e1ulico de uma casa ou edif\u00edcio \u00e9 uma parte super importante da obra, ele ser\u00e1 usado e testado diariamente. Normalmente, poucos conhecem sif\u00f5es, registros, ralos e v\u00e1lvulas, materiais hidr\u00e1ulicos b\u00e1sicos, at\u00e9 o dia em que uma dessas pe\u00e7as apresenta problemas. S\u00f3 ent\u00e3o nos damos conta da import\u00e2ncia das pe\u00e7as hidr\u00e1ulicas para o funcionamento di\u00e1rio de qualquer estabelecimento. Seja na hora de comprar uma caixa d&#8217;\u00e1gua em momentos de racionamento ou um cano de esgoto que quebrou, \u00e9 fundamental que se pense na rela\u00e7\u00e3o custo benef\u00edcio do produto.<\/p>\n","protected":false},"excerpt":{"rendered":"<p>O sistema hidr\u00e1ulico de uma casa ou edif\u00edcio \u00e9 uma parte super importante da obra, ele ser\u00e1 usado e testado diariamente. Normalmente, poucos conhecem sif\u00f5es, registros, ralos e v\u00e1lvulas, materiais hidr\u00e1ulicos b\u00e1sicos, at\u00e9 o dia em que uma dessas pe\u00e7as<\/p>\n","protected":false},"author":1,"featured_media":347,"parent":0,"menu_order":0,"comment_status":"closed","ping_status":"closed","template":"","meta":{"footnotes":""},"_links":{"self":[{"href":"https:\/\/armazem-pr.com.br\/index.php\/wp-json\/wp\/v2\/pages\/92"}],"collection":[{"href":"https:\/\/armazem-pr.com.br\/index.php\/wp-json\/wp\/v2\/pages"}],"about":[{"href":"https:\/\/armazem-pr.com.br\/index.php\/wp-json\/wp\/v2\/types\/page"}],"author":[{"embeddable":true,"href":"https:\/\/armazem-pr.com.br\/index.php\/wp-json\/wp\/v2\/users\/1"}],"replies":[{"embeddable":true,"href":"https:\/\/armazem-pr.com.br\/index.php\/wp-json\/wp\/v2\/comments?post=92"}],"version-history":[{"count":1,"href":"https:\/\/armazem-pr.com.br\/index.php\/wp-json\/wp\/v2\/pages\/92\/revisions"}],"predecessor-version":[{"id":348,"href":"https:\/\/armazem-pr.com.br\/index.php\/wp-json\/wp\/v2\/pages\/92\/revisions\/348"}],"wp:featuredmedia":[{"embeddable":true,"href":"https:\/\/armazem-pr.com.br\/index.php\/wp-json\/wp\/v2\/media\/347"}],"wp:attachment":[{"href":"https:\/\/armazem-pr.com.br\/index.php\/wp-json\/wp\/v2\/media?parent=92"}],"curies":[{"name":"wp","href":"https:\/\/api.w.org\/{rel}","templated":true}]}}