{"id":89,"date":"2014-05-31T13:03:38","date_gmt":"2014-05-31T13:03:38","guid":{"rendered":"http:\/\/demo.themegrill.com\/accelerate\/?page_id=89"},"modified":"2021-04-16T09:48:10","modified_gmt":"2021-04-16T12:48:10","slug":"material-eletrico","status":"publish","type":"page","link":"https:\/\/armazem-pr.com.br\/index.php\/material-eletrico\/","title":{"rendered":"Material El\u00e9trico"},"content":{"rendered":"<p>O que voc\u00ea precisar de materiais el\u00e9tricos n\u00f3s temos a pronta entrega! Visite o Armaz\u00e9m Material de Constru\u00e7\u00e3o!<br \/>\nFia\u00e7\u00e3o, Isolantes, Terminais, Interruptores, Disjuntores, Adaptadores, Chaves teste, Mult\u00edmetro, L\u00e2mpadas, Chuveiros<\/p>\n","protected":false},"excerpt":{"rendered":"<p>O que voc\u00ea precisar de materiais el\u00e9tricos n\u00f3s temos a pronta entrega! Visite o Armaz\u00e9m Material de Constru\u00e7\u00e3o! Fia\u00e7\u00e3o, Isolantes, Terminais, Interruptores, Disjuntores, Adaptadores, Chaves teste, Mult\u00edmetro, L\u00e2mpadas, Chuveiros<\/p>\n","protected":false},"author":1,"featured_media":344,"parent":0,"menu_order":0,"comment_status":"closed","ping_status":"closed","template":"","meta":{"footnotes":""},"_links":{"self":[{"href":"https:\/\/armazem-pr.com.br\/index.php\/wp-json\/wp\/v2\/pages\/89"}],"collection":[{"href":"https:\/\/armazem-pr.com.br\/index.php\/wp-json\/wp\/v2\/pages"}],"about":[{"href":"https:\/\/armazem-pr.com.br\/index.php\/wp-json\/wp\/v2\/types\/page"}],"author":[{"embeddable":true,"href":"https:\/\/armazem-pr.com.br\/index.php\/wp-json\/wp\/v2\/users\/1"}],"replies":[{"embeddable":true,"href":"https:\/\/armazem-pr.com.br\/index.php\/wp-json\/wp\/v2\/comments?post=89"}],"version-history":[{"count":1,"href":"https:\/\/armazem-pr.com.br\/index.php\/wp-json\/wp\/v2\/pages\/89\/revisions"}],"predecessor-version":[{"id":345,"href":"https:\/\/armazem-pr.com.br\/index.php\/wp-json\/wp\/v2\/pages\/89\/revisions\/345"}],"wp:featuredmedia":[{"embeddable":true,"href":"https:\/\/armazem-pr.com.br\/index.php\/wp-json\/wp\/v2\/media\/344"}],"wp:attachment":[{"href":"https:\/\/armazem-pr.com.br\/index.php\/wp-json\/wp\/v2\/media?parent=89"}],"curies":[{"name":"wp","href":"https:\/\/api.w.org\/{rel}","templated":true}]}}