{"id":83,"date":"2014-05-31T12:47:12","date_gmt":"2014-05-31T12:47:12","guid":{"rendered":"http:\/\/demo.themegrill.com\/accelerate\/?page_id=83"},"modified":"2021-04-16T11:49:38","modified_gmt":"2021-04-16T14:49:38","slug":"como-escolher-materiais-de-acabamento","status":"publish","type":"page","link":"https:\/\/armazem-pr.com.br\/index.php\/como-escolher-materiais-de-acabamento\/","title":{"rendered":"Como escolher materiais de acabamento"},"content":{"rendered":"<p>Toda constru\u00e7\u00e3o requer uma s\u00e9rie de materiais de constru\u00e7\u00e3o em seus processos de alicerce, constru\u00e7\u00e3o da estrutura das paredes, e claro, tamb\u00e9m para o acabamento. O acabamento \u00e9 uma das etapas mais demoradas na constru\u00e7\u00e3o, exigem muito cuidado. <br>Principais materiais utilizados no acabamento de obras de constru\u00e7\u00e3o civil.<\/p>\n<p>Pisos e Azulejos<br><span style=\"font-size: inherit;\">Gesso<br><\/span>Guarni\u00e7\u00f5es<br><span style=\"font-size: inherit;\">Tintas para pintura<br><\/span>Box do Banheiro e Vaso Sanit\u00e1rio<br><span style=\"font-size: inherit;\">Qual o lugar ideal para comprar materiais de acabamento com o menor pre\u00e7o e maior qualidade?<br><\/span>Na hora de escolher a loja fornecedora dos materiais da sua obra, o Armaz\u00e9m Material de Constru\u00e7\u00e3o d\u00e1 show de oferta e tem os melhores produtos do mercado. Quer finalizar a sua obra da melhor forma? Conte com o Armaz\u00e9m Material de Constru\u00e7\u00e3o.<\/p>\n\n\n<p><\/p>\n","protected":false},"excerpt":{"rendered":"<p>Toda constru\u00e7\u00e3o requer uma s\u00e9rie de materiais de constru\u00e7\u00e3o em seus processos de alicerce, constru\u00e7\u00e3o da estrutura das paredes, e claro, tamb\u00e9m para o acabamento. O acabamento \u00e9 uma das etapas mais demoradas na constru\u00e7\u00e3o, exigem muito cuidado. Principais materiais<\/p>\n","protected":false},"author":1,"featured_media":342,"parent":0,"menu_order":0,"comment_status":"closed","ping_status":"closed","template":"","meta":{"footnotes":""},"_links":{"self":[{"href":"https:\/\/armazem-pr.com.br\/index.php\/wp-json\/wp\/v2\/pages\/83"}],"collection":[{"href":"https:\/\/armazem-pr.com.br\/index.php\/wp-json\/wp\/v2\/pages"}],"about":[{"href":"https:\/\/armazem-pr.com.br\/index.php\/wp-json\/wp\/v2\/types\/page"}],"author":[{"embeddable":true,"href":"https:\/\/armazem-pr.com.br\/index.php\/wp-json\/wp\/v2\/users\/1"}],"replies":[{"embeddable":true,"href":"https:\/\/armazem-pr.com.br\/index.php\/wp-json\/wp\/v2\/comments?post=83"}],"version-history":[{"count":2,"href":"https:\/\/armazem-pr.com.br\/index.php\/wp-json\/wp\/v2\/pages\/83\/revisions"}],"predecessor-version":[{"id":379,"href":"https:\/\/armazem-pr.com.br\/index.php\/wp-json\/wp\/v2\/pages\/83\/revisions\/379"}],"wp:featuredmedia":[{"embeddable":true,"href":"https:\/\/armazem-pr.com.br\/index.php\/wp-json\/wp\/v2\/media\/342"}],"wp:attachment":[{"href":"https:\/\/armazem-pr.com.br\/index.php\/wp-json\/wp\/v2\/media?parent=83"}],"curies":[{"name":"wp","href":"https:\/\/api.w.org\/{rel}","templated":true}]}}