{"id":409,"date":"2021-07-13T14:35:10","date_gmt":"2021-07-13T17:35:10","guid":{"rendered":"https:\/\/armazem-pr.com.br\/?page_id=409"},"modified":"2021-07-13T14:35:12","modified_gmt":"2021-07-13T17:35:12","slug":"arame-galvanizado","status":"publish","type":"page","link":"https:\/\/armazem-pr.com.br\/index.php\/arame-galvanizado\/","title":{"rendered":"Arame Galvanizado"},"content":{"rendered":"\n<p>O Arame Galvanizado da Casa do Serralheiro oferece qualidade e praticidade em todos os tipos de trabalho. Fabricado em a\u00e7o de elevada qualidade e protegido contra corros\u00e3o, \u00e9 ideal para ter sempre por perto, seja para o uso no dia-a-dia ou na confec\u00e7\u00e3o de pe\u00e7as industriais e artesanais. Al\u00e9m da sua versatilidade, \u00e9 altamente resistente e dur\u00e1vel.<\/p>\n","protected":false},"excerpt":{"rendered":"<p>O Arame Galvanizado da Casa do Serralheiro oferece qualidade e praticidade em todos os tipos de trabalho. Fabricado em a\u00e7o de elevada qualidade e protegido contra corros\u00e3o, \u00e9 ideal para ter sempre por perto, seja para o uso no dia-a-dia<\/p>\n","protected":false},"author":1,"featured_media":410,"parent":0,"menu_order":0,"comment_status":"closed","ping_status":"closed","template":"","meta":{"footnotes":""},"_links":{"self":[{"href":"https:\/\/armazem-pr.com.br\/index.php\/wp-json\/wp\/v2\/pages\/409"}],"collection":[{"href":"https:\/\/armazem-pr.com.br\/index.php\/wp-json\/wp\/v2\/pages"}],"about":[{"href":"https:\/\/armazem-pr.com.br\/index.php\/wp-json\/wp\/v2\/types\/page"}],"author":[{"embeddable":true,"href":"https:\/\/armazem-pr.com.br\/index.php\/wp-json\/wp\/v2\/users\/1"}],"replies":[{"embeddable":true,"href":"https:\/\/armazem-pr.com.br\/index.php\/wp-json\/wp\/v2\/comments?post=409"}],"version-history":[{"count":1,"href":"https:\/\/armazem-pr.com.br\/index.php\/wp-json\/wp\/v2\/pages\/409\/revisions"}],"predecessor-version":[{"id":411,"href":"https:\/\/armazem-pr.com.br\/index.php\/wp-json\/wp\/v2\/pages\/409\/revisions\/411"}],"wp:featuredmedia":[{"embeddable":true,"href":"https:\/\/armazem-pr.com.br\/index.php\/wp-json\/wp\/v2\/media\/410"}],"wp:attachment":[{"href":"https:\/\/armazem-pr.com.br\/index.php\/wp-json\/wp\/v2\/media?parent=409"}],"curies":[{"name":"wp","href":"https:\/\/api.w.org\/{rel}","templated":true}]}}