{"id":406,"date":"2021-07-13T14:30:38","date_gmt":"2021-07-13T17:30:38","guid":{"rendered":"https:\/\/armazem-pr.com.br\/?page_id=406"},"modified":"2021-07-13T14:30:40","modified_gmt":"2021-07-13T17:30:40","slug":"cimentos-liz","status":"publish","type":"page","link":"https:\/\/armazem-pr.com.br\/index.php\/cimentos-liz\/","title":{"rendered":"Cimentos Liz"},"content":{"rendered":"\n<p>Produto tradicional o Cimentos Liz CP II-E-32 est\u00e1 dispon\u00edvel em sacos de 50kg e pode ser aplicado em diversos tipos de obras. Suas caracter\u00edsticas f\u00edsico-qu\u00edmicas permitem alta performance, fazendo com que ele se mantenha uniforme, do in\u00edcio ao fim da aplica\u00e7\u00e3o<\/p>\n","protected":false},"excerpt":{"rendered":"<p>Produto tradicional o Cimentos Liz CP II-E-32 est\u00e1 dispon\u00edvel em sacos de 50kg e pode ser aplicado em diversos tipos de obras. Suas caracter\u00edsticas f\u00edsico-qu\u00edmicas permitem alta performance, fazendo com que ele se mantenha uniforme, do in\u00edcio ao fim da<\/p>\n","protected":false},"author":1,"featured_media":407,"parent":0,"menu_order":0,"comment_status":"closed","ping_status":"closed","template":"","meta":{"footnotes":""},"_links":{"self":[{"href":"https:\/\/armazem-pr.com.br\/index.php\/wp-json\/wp\/v2\/pages\/406"}],"collection":[{"href":"https:\/\/armazem-pr.com.br\/index.php\/wp-json\/wp\/v2\/pages"}],"about":[{"href":"https:\/\/armazem-pr.com.br\/index.php\/wp-json\/wp\/v2\/types\/page"}],"author":[{"embeddable":true,"href":"https:\/\/armazem-pr.com.br\/index.php\/wp-json\/wp\/v2\/users\/1"}],"replies":[{"embeddable":true,"href":"https:\/\/armazem-pr.com.br\/index.php\/wp-json\/wp\/v2\/comments?post=406"}],"version-history":[{"count":1,"href":"https:\/\/armazem-pr.com.br\/index.php\/wp-json\/wp\/v2\/pages\/406\/revisions"}],"predecessor-version":[{"id":408,"href":"https:\/\/armazem-pr.com.br\/index.php\/wp-json\/wp\/v2\/pages\/406\/revisions\/408"}],"wp:featuredmedia":[{"embeddable":true,"href":"https:\/\/armazem-pr.com.br\/index.php\/wp-json\/wp\/v2\/media\/407"}],"wp:attachment":[{"href":"https:\/\/armazem-pr.com.br\/index.php\/wp-json\/wp\/v2\/media?parent=406"}],"curies":[{"name":"wp","href":"https:\/\/api.w.org\/{rel}","templated":true}]}}