{"id":397,"date":"2021-07-13T14:15:34","date_gmt":"2021-07-13T17:15:34","guid":{"rendered":"https:\/\/armazem-pr.com.br\/?page_id=397"},"modified":"2021-07-13T14:15:36","modified_gmt":"2021-07-13T17:15:36","slug":"vergalhao","status":"publish","type":"page","link":"https:\/\/armazem-pr.com.br\/index.php\/vergalhao\/","title":{"rendered":"Vergalh\u00e3o"},"content":{"rendered":"\n<p>Os vergalh\u00f5es de a\u00e7o para constru\u00e7\u00e3o civil, s\u00e3o nervurados e destacam-se por serem de alta resist\u00eancia, proporcionando estruturas de concreto armado mais leves.<\/p>\n\n\n\n<p>Indicado para a produ\u00e7\u00e3o de vigotas de lajes pr\u00e9-fabricadas, treli\u00e7as, arma\u00e7\u00f5es para tubos, pr\u00e9-moldados e outras aplica\u00e7\u00f5es.<\/p>\n\n\n\n<p>Temos ferragem para constru\u00e7\u00e3o de diversas marcas e em todas as bitolas.<\/p>\n","protected":false},"excerpt":{"rendered":"<p>Os vergalh\u00f5es de a\u00e7o para constru\u00e7\u00e3o civil, s\u00e3o nervurados e destacam-se por serem de alta resist\u00eancia, proporcionando estruturas de concreto armado mais leves. Indicado para a produ\u00e7\u00e3o de vigotas de lajes pr\u00e9-fabricadas, treli\u00e7as, arma\u00e7\u00f5es para tubos, pr\u00e9-moldados e outras aplica\u00e7\u00f5es.<\/p>\n","protected":false},"author":1,"featured_media":398,"parent":0,"menu_order":0,"comment_status":"closed","ping_status":"closed","template":"","meta":{"footnotes":""},"_links":{"self":[{"href":"https:\/\/armazem-pr.com.br\/index.php\/wp-json\/wp\/v2\/pages\/397"}],"collection":[{"href":"https:\/\/armazem-pr.com.br\/index.php\/wp-json\/wp\/v2\/pages"}],"about":[{"href":"https:\/\/armazem-pr.com.br\/index.php\/wp-json\/wp\/v2\/types\/page"}],"author":[{"embeddable":true,"href":"https:\/\/armazem-pr.com.br\/index.php\/wp-json\/wp\/v2\/users\/1"}],"replies":[{"embeddable":true,"href":"https:\/\/armazem-pr.com.br\/index.php\/wp-json\/wp\/v2\/comments?post=397"}],"version-history":[{"count":1,"href":"https:\/\/armazem-pr.com.br\/index.php\/wp-json\/wp\/v2\/pages\/397\/revisions"}],"predecessor-version":[{"id":399,"href":"https:\/\/armazem-pr.com.br\/index.php\/wp-json\/wp\/v2\/pages\/397\/revisions\/399"}],"wp:featuredmedia":[{"embeddable":true,"href":"https:\/\/armazem-pr.com.br\/index.php\/wp-json\/wp\/v2\/media\/398"}],"wp:attachment":[{"href":"https:\/\/armazem-pr.com.br\/index.php\/wp-json\/wp\/v2\/media?parent=397"}],"curies":[{"name":"wp","href":"https:\/\/api.w.org\/{rel}","templated":true}]}}