{"id":391,"date":"2021-07-13T14:07:32","date_gmt":"2021-07-13T17:07:32","guid":{"rendered":"https:\/\/armazem-pr.com.br\/?page_id=391"},"modified":"2021-07-13T14:07:32","modified_gmt":"2021-07-13T17:07:32","slug":"coluna-pronta-vergalhao","status":"publish","type":"page","link":"https:\/\/armazem-pr.com.br\/index.php\/coluna-pronta-vergalhao\/","title":{"rendered":"Coluna Pronta Vergalh\u00e3o"},"content":{"rendered":"\n<p>As colunas podem ser utilizadas para a constru\u00e7\u00e3o de pilares, vigas, cintas e baldrames ou at\u00e9 para servir como elemento de travamento de muros e paredes. A dimens\u00e3o delas varia conforme a dimens\u00e3o dos blocos padr\u00f5es de mercado.<\/p>\n","protected":false},"excerpt":{"rendered":"<p>As colunas podem ser utilizadas para a constru\u00e7\u00e3o de pilares, vigas, cintas e baldrames ou at\u00e9 para servir como elemento de travamento de muros e paredes. A dimens\u00e3o delas varia conforme a dimens\u00e3o dos blocos padr\u00f5es de mercado.<\/p>\n","protected":false},"author":1,"featured_media":392,"parent":0,"menu_order":0,"comment_status":"closed","ping_status":"closed","template":"","meta":{"footnotes":""},"_links":{"self":[{"href":"https:\/\/armazem-pr.com.br\/index.php\/wp-json\/wp\/v2\/pages\/391"}],"collection":[{"href":"https:\/\/armazem-pr.com.br\/index.php\/wp-json\/wp\/v2\/pages"}],"about":[{"href":"https:\/\/armazem-pr.com.br\/index.php\/wp-json\/wp\/v2\/types\/page"}],"author":[{"embeddable":true,"href":"https:\/\/armazem-pr.com.br\/index.php\/wp-json\/wp\/v2\/users\/1"}],"replies":[{"embeddable":true,"href":"https:\/\/armazem-pr.com.br\/index.php\/wp-json\/wp\/v2\/comments?post=391"}],"version-history":[{"count":1,"href":"https:\/\/armazem-pr.com.br\/index.php\/wp-json\/wp\/v2\/pages\/391\/revisions"}],"predecessor-version":[{"id":393,"href":"https:\/\/armazem-pr.com.br\/index.php\/wp-json\/wp\/v2\/pages\/391\/revisions\/393"}],"wp:featuredmedia":[{"embeddable":true,"href":"https:\/\/armazem-pr.com.br\/index.php\/wp-json\/wp\/v2\/media\/392"}],"wp:attachment":[{"href":"https:\/\/armazem-pr.com.br\/index.php\/wp-json\/wp\/v2\/media?parent=391"}],"curies":[{"name":"wp","href":"https:\/\/api.w.org\/{rel}","templated":true}]}}