{"id":287,"date":"2014-04-26T15:25:51","date_gmt":"2014-04-26T15:25:51","guid":{"rendered":"http:\/\/demo.themegrill.com\/accelerate\/?page_id=2"},"modified":"2021-04-16T11:59:05","modified_gmt":"2021-04-16T14:59:05","slug":"linha-de-produtos","status":"publish","type":"page","link":"https:\/\/armazem-pr.com.br\/index.php\/linha-de-produtos\/","title":{"rendered":"Linha de Produtos"},"content":{"rendered":"<p>Acabamentos<br \/>\nArames e Ferragens<br \/>\nArames<br \/>\nVergalh\u00f5es<br \/>\nAreias e Britas<br \/>\nAreias<br \/>\nBritas<br \/>\nCaixas D Agua<br \/>\nAcess\u00f3rios<br \/>\nCaixa D Agua<br \/>\nChurrasqueiras<br \/>\nChurrasqueiras<br \/>\nCimentos e Argamassas<br \/>\nArgamassa<br \/>\nCimentos<br \/>\nFerramentas<br \/>\nAlicates<br \/>\nForro de PVC e Acess\u00f3rios<br \/>\nCalhas<br \/>\nIlumina\u00e7\u00e3o<br \/>\nL\u00e2mpadas<br \/>\nLazer e Camping<br \/>\nLazer e Camping<br \/>\nMaterial B\u00e1sico<br \/>\nMantas Asf\u00e1lticas<br \/>\nMaterial El\u00e9trico<br \/>\nPortas, Janelas, Acess\u00f3rios<br \/>\nPregos e Brocas<br \/>\nBrocas<br \/>\nPregos<br \/>\nTintas e Acess\u00f3rios<br \/>\nTubos e Conex\u00f5es<\/p>\n","protected":false},"excerpt":{"rendered":"<p>Acabamentos Arames e Ferragens Arames Vergalh\u00f5es Areias e Britas Areias Britas Caixas D Agua Acess\u00f3rios Caixa D Agua Churrasqueiras Churrasqueiras Cimentos e Argamassas Argamassa Cimentos Ferramentas Alicates Forro de PVC e Acess\u00f3rios Calhas Ilumina\u00e7\u00e3o L\u00e2mpadas Lazer e Camping Lazer e<\/p>\n","protected":false},"author":1,"featured_media":0,"parent":0,"menu_order":0,"comment_status":"closed","ping_status":"closed","template":"","meta":{"footnotes":""},"_links":{"self":[{"href":"https:\/\/armazem-pr.com.br\/index.php\/wp-json\/wp\/v2\/pages\/287"}],"collection":[{"href":"https:\/\/armazem-pr.com.br\/index.php\/wp-json\/wp\/v2\/pages"}],"about":[{"href":"https:\/\/armazem-pr.com.br\/index.php\/wp-json\/wp\/v2\/types\/page"}],"author":[{"embeddable":true,"href":"https:\/\/armazem-pr.com.br\/index.php\/wp-json\/wp\/v2\/users\/1"}],"replies":[{"embeddable":true,"href":"https:\/\/armazem-pr.com.br\/index.php\/wp-json\/wp\/v2\/comments?post=287"}],"version-history":[{"count":2,"href":"https:\/\/armazem-pr.com.br\/index.php\/wp-json\/wp\/v2\/pages\/287\/revisions"}],"predecessor-version":[{"id":381,"href":"https:\/\/armazem-pr.com.br\/index.php\/wp-json\/wp\/v2\/pages\/287\/revisions\/381"}],"wp:attachment":[{"href":"https:\/\/armazem-pr.com.br\/index.php\/wp-json\/wp\/v2\/media?parent=287"}],"curies":[{"name":"wp","href":"https:\/\/api.w.org\/{rel}","templated":true}]}}