{"id":18,"date":"2014-04-26T17:07:49","date_gmt":"2014-04-26T17:07:49","guid":{"rendered":"http:\/\/demo.themegrill.com\/accelerate\/?page_id=18"},"modified":"2021-07-13T14:00:31","modified_gmt":"2021-07-13T17:00:31","slug":"caixa-dagua-polietileno","status":"publish","type":"page","link":"https:\/\/armazem-pr.com.br\/index.php\/caixa-dagua-polietileno\/","title":{"rendered":"Caixa d&#8217;\u00e1gua Polietileno"},"content":{"rendered":"<p>Descri\u00e7\u00e3o<br \/>\nMuito mais pr\u00e1ticas e dur\u00e1veis, as caixas d\u00b4\u00e1gua de polietileno Fortlev possuem superf\u00edcies internas lisas que facilitam a limpeza. Todas com exclusivo sistema de encaixe das tampas que dispensa parafusos e amarras na instala\u00e7\u00e3o e garante ainda mais veda\u00e7\u00e3o e conserva\u00e7\u00e3o da \u00e1gua.<\/p>\n","protected":false},"excerpt":{"rendered":"<p>Descri\u00e7\u00e3o<br \/>\nMuito mais pr\u00e1ticas e dur\u00e1veis, as caixas d\u00b4\u00e1gua de polietileno Fortlev possuem superf\u00edcies internas lisas que facilitam a limpeza.<\/p>\n","protected":false},"author":1,"featured_media":385,"parent":0,"menu_order":0,"comment_status":"closed","ping_status":"closed","template":"","meta":{"footnotes":""},"_links":{"self":[{"href":"https:\/\/armazem-pr.com.br\/index.php\/wp-json\/wp\/v2\/pages\/18"}],"collection":[{"href":"https:\/\/armazem-pr.com.br\/index.php\/wp-json\/wp\/v2\/pages"}],"about":[{"href":"https:\/\/armazem-pr.com.br\/index.php\/wp-json\/wp\/v2\/types\/page"}],"author":[{"embeddable":true,"href":"https:\/\/armazem-pr.com.br\/index.php\/wp-json\/wp\/v2\/users\/1"}],"replies":[{"embeddable":true,"href":"https:\/\/armazem-pr.com.br\/index.php\/wp-json\/wp\/v2\/comments?post=18"}],"version-history":[{"count":2,"href":"https:\/\/armazem-pr.com.br\/index.php\/wp-json\/wp\/v2\/pages\/18\/revisions"}],"predecessor-version":[{"id":309,"href":"https:\/\/armazem-pr.com.br\/index.php\/wp-json\/wp\/v2\/pages\/18\/revisions\/309"}],"wp:featuredmedia":[{"embeddable":true,"href":"https:\/\/armazem-pr.com.br\/index.php\/wp-json\/wp\/v2\/media\/385"}],"wp:attachment":[{"href":"https:\/\/armazem-pr.com.br\/index.php\/wp-json\/wp\/v2\/media?parent=18"}],"curies":[{"name":"wp","href":"https:\/\/api.w.org\/{rel}","templated":true}]}}