{"id":13,"date":"2014-04-26T16:58:25","date_gmt":"2014-04-26T16:58:25","guid":{"rendered":"http:\/\/demo.themegrill.com\/accelerate\/?page_id=13"},"modified":"2021-07-13T14:04:39","modified_gmt":"2021-07-13T17:04:39","slug":"telha-de-pvc-colonial-ceramica-230mx88cm","status":"publish","type":"page","link":"https:\/\/armazem-pr.com.br\/index.php\/telha-de-pvc-colonial-ceramica-230mx88cm\/","title":{"rendered":"Telh\u00e3o Eternit"},"content":{"rendered":"<p class=\"paragraph ng-attr-widget\">O Telh\u00e3o Eternit oferece leveza e resist\u00eancia com facilidade de manuseio. Possui fixa\u00e7\u00e3o pr\u00e1tica e estrutura de apoio simplificada, \u00e9 extremamente econ\u00f4mica.<\/p>\n","protected":false},"excerpt":{"rendered":"<p>O Telh\u00e3o Eternit oferece leveza e resist\u00eancia com facilidade de manuseio. Possui fixa\u00e7\u00e3o pr\u00e1tica e estrutura de apoio simplificada, \u00e9 extremamente econ\u00f4mica.<\/p>\n","protected":false},"author":1,"featured_media":387,"parent":0,"menu_order":0,"comment_status":"closed","ping_status":"closed","template":"","meta":{"footnotes":""},"_links":{"self":[{"href":"https:\/\/armazem-pr.com.br\/index.php\/wp-json\/wp\/v2\/pages\/13"}],"collection":[{"href":"https:\/\/armazem-pr.com.br\/index.php\/wp-json\/wp\/v2\/pages"}],"about":[{"href":"https:\/\/armazem-pr.com.br\/index.php\/wp-json\/wp\/v2\/types\/page"}],"author":[{"embeddable":true,"href":"https:\/\/armazem-pr.com.br\/index.php\/wp-json\/wp\/v2\/users\/1"}],"replies":[{"embeddable":true,"href":"https:\/\/armazem-pr.com.br\/index.php\/wp-json\/wp\/v2\/comments?post=13"}],"version-history":[{"count":4,"href":"https:\/\/armazem-pr.com.br\/index.php\/wp-json\/wp\/v2\/pages\/13\/revisions"}],"predecessor-version":[{"id":390,"href":"https:\/\/armazem-pr.com.br\/index.php\/wp-json\/wp\/v2\/pages\/13\/revisions\/390"}],"wp:featuredmedia":[{"embeddable":true,"href":"https:\/\/armazem-pr.com.br\/index.php\/wp-json\/wp\/v2\/media\/387"}],"wp:attachment":[{"href":"https:\/\/armazem-pr.com.br\/index.php\/wp-json\/wp\/v2\/media?parent=13"}],"curies":[{"name":"wp","href":"https:\/\/api.w.org\/{rel}","templated":true}]}}