{"id":128,"date":"2014-05-31T17:26:27","date_gmt":"2014-05-31T17:26:27","guid":{"rendered":"http:\/\/demo.themegrill.com\/accelerate\/?page_id=128"},"modified":"2021-04-16T11:23:01","modified_gmt":"2021-04-16T14:23:01","slug":"sobre-nos","status":"publish","type":"page","link":"https:\/\/armazem-pr.com.br\/index.php\/sobre-nos\/","title":{"rendered":"Sobre N\u00f3s"},"content":{"rendered":"\n<div class=\"wp-block-image\"><figure class=\"alignleft size-large is-resized\"><img loading=\"lazy\" decoding=\"async\" src=\"https:\/\/armazem-pr.com.br\/wp-content\/uploads\/2021\/04\/armazem-1.jpg\" alt=\"\" class=\"wp-image-356\" width=\"598\" height=\"344\" srcset=\"https:\/\/armazem-pr.com.br\/wp-content\/uploads\/2021\/04\/armazem-1.jpg 860w, https:\/\/armazem-pr.com.br\/wp-content\/uploads\/2021\/04\/armazem-1-300x172.jpg 300w, https:\/\/armazem-pr.com.br\/wp-content\/uploads\/2021\/04\/armazem-1-768x441.jpg 768w\" sizes=\"(max-width: 598px) 100vw, 598px\" \/><\/figure><\/div>\n\n\n<p>Nossa empresa procura atender os desejos e necessidades dos clientes, oferecendo produtos e servi\u00e7os com qualidade, criatividade, modernidade e agilidade. Pensando em melhor atender nossos clientes, estamos sempre acompanhando as tend\u00eancias e necessidades do mercado.<br \/>Este ano crescemos e inovamos com o objetivo.<\/p>\n<p>Se voc\u00ea quiser enviar suas cr\u00edticas, elogios e sugest\u00f5es ou quiser tirar mais alguma d\u00favida que n\u00e3o tenha sido especificada em nossas informa\u00e7\u00f5es, voc\u00ea pode escrever para andre@armazem-pr.com.br, enviar sua mensagem pelo Fale Conosco (Contato) ou ainda ligar para (27) 3770-1600.<\/p>","protected":false},"excerpt":{"rendered":"<p>Nossa empresa procura atender os desejos e necessidades dos clientes, oferecendo produtos e servi\u00e7os com qualidade, criatividade, modernidade e agilidade. Pensando em melhor atender nossos clientes, estamos sempre acompanhando as tend\u00eancias e necessidades do mercado.Este ano crescemos e inovamos com<\/p>\n","protected":false},"author":1,"featured_media":356,"parent":0,"menu_order":0,"comment_status":"closed","ping_status":"closed","template":"","meta":{"footnotes":""},"_links":{"self":[{"href":"https:\/\/armazem-pr.com.br\/index.php\/wp-json\/wp\/v2\/pages\/128"}],"collection":[{"href":"https:\/\/armazem-pr.com.br\/index.php\/wp-json\/wp\/v2\/pages"}],"about":[{"href":"https:\/\/armazem-pr.com.br\/index.php\/wp-json\/wp\/v2\/types\/page"}],"author":[{"embeddable":true,"href":"https:\/\/armazem-pr.com.br\/index.php\/wp-json\/wp\/v2\/users\/1"}],"replies":[{"embeddable":true,"href":"https:\/\/armazem-pr.com.br\/index.php\/wp-json\/wp\/v2\/comments?post=128"}],"version-history":[{"count":5,"href":"https:\/\/armazem-pr.com.br\/index.php\/wp-json\/wp\/v2\/pages\/128\/revisions"}],"predecessor-version":[{"id":361,"href":"https:\/\/armazem-pr.com.br\/index.php\/wp-json\/wp\/v2\/pages\/128\/revisions\/361"}],"wp:featuredmedia":[{"embeddable":true,"href":"https:\/\/armazem-pr.com.br\/index.php\/wp-json\/wp\/v2\/media\/356"}],"wp:attachment":[{"href":"https:\/\/armazem-pr.com.br\/index.php\/wp-json\/wp\/v2\/media?parent=128"}],"curies":[{"name":"wp","href":"https:\/\/api.w.org\/{rel}","templated":true}]}}